{"id":604,"date":"2021-03-19T08:48:11","date_gmt":"2021-03-19T08:48:11","guid":{"rendered":"https:\/\/www.hotel-universo.com\/?page_id=604"},"modified":"2021-03-24T15:13:17","modified_gmt":"2021-03-24T15:13:17","slug":"privacy-policy","status":"publish","type":"page","link":"https:\/\/www.hotel-universo.com\/it\/privacy-policy\/","title":{"rendered":"Privacy Policy"},"content":{"rendered":"\t\t<div data-elementor-type=\"wp-page\" data-elementor-id=\"604\" class=\"elementor elementor-604\" data-elementor-post-type=\"page\">\n\t\t\t\t\t\t<section class=\"elementor-section elementor-top-section elementor-element elementor-element-fb8dcf2 elementor-section-full_width elementor-section-content-bottom elementor-section-height-default elementor-section-height-default\" data-id=\"fb8dcf2\" data-element_type=\"section\" data-settings=\"{&quot;background_background&quot;:&quot;classic&quot;}\">\n\t\t\t\t\t\t<div class=\"elementor-container elementor-column-gap-default\">\n\t\t\t\t\t<div class=\"elementor-column elementor-col-100 elementor-top-column elementor-element elementor-element-03cc524\" data-id=\"03cc524\" data-element_type=\"column\">\n\t\t\t<div class=\"elementor-widget-wrap elementor-element-populated\">\n\t\t\t\t\t\t<section class=\"elementor-section elementor-inner-section elementor-element elementor-element-e861921 elementor-section-height-min-height elementor-section-content-bottom elementor-section-boxed elementor-section-height-default\" data-id=\"e861921\" data-element_type=\"section\">\n\t\t\t\t\t\t<div class=\"elementor-container elementor-column-gap-default\">\n\t\t\t\t\t<div class=\"elementor-column elementor-col-100 elementor-inner-column elementor-element elementor-element-c2da4fe\" data-id=\"c2da4fe\" data-element_type=\"column\">\n\t\t\t<div class=\"elementor-widget-wrap elementor-element-populated\">\n\t\t\t\t\t\t<div class=\"elementor-element elementor-element-5b03037 elementor-widget elementor-widget-heading\" data-id=\"5b03037\" data-element_type=\"widget\" data-widget_type=\"heading.default\">\n\t\t\t\t<div class=\"elementor-widget-container\">\n\t\t\t\t\t<h2 class=\"elementor-heading-title elementor-size-default\">Privacy Policy<\/h2>\t\t\t\t<\/div>\n\t\t\t\t<\/div>\n\t\t\t\t<div class=\"elementor-element elementor-element-3f17d8e elementor-widget elementor-widget-spacer\" data-id=\"3f17d8e\" data-element_type=\"widget\" data-widget_type=\"spacer.default\">\n\t\t\t\t<div class=\"elementor-widget-container\">\n\t\t\t\t\t\t\t<div class=\"elementor-spacer\">\n\t\t\t<div class=\"elementor-spacer-inner\"><\/div>\n\t\t<\/div>\n\t\t\t\t\t\t<\/div>\n\t\t\t\t<\/div>\n\t\t\t\t\t<\/div>\n\t\t<\/div>\n\t\t\t\t\t<\/div>\n\t\t<\/section>\n\t\t\t\t\t<\/div>\n\t\t<\/div>\n\t\t\t\t\t<\/div>\n\t\t<\/section>\n\t\t\t\t<section class=\"elementor-section elementor-top-section elementor-element elementor-element-dcc97ee elementor-section-boxed elementor-section-height-default elementor-section-height-default\" data-id=\"dcc97ee\" data-element_type=\"section\">\n\t\t\t\t\t\t<div class=\"elementor-container elementor-column-gap-default\">\n\t\t\t\t\t<div class=\"elementor-column elementor-col-100 elementor-top-column elementor-element elementor-element-87656e5\" data-id=\"87656e5\" data-element_type=\"column\">\n\t\t\t<div class=\"elementor-widget-wrap elementor-element-populated\">\n\t\t\t\t\t\t<div class=\"elementor-element elementor-element-11a3cc1 elementor-widget elementor-widget-spacer\" data-id=\"11a3cc1\" data-element_type=\"widget\" data-widget_type=\"spacer.default\">\n\t\t\t\t<div class=\"elementor-widget-container\">\n\t\t\t\t\t\t\t<div class=\"elementor-spacer\">\n\t\t\t<div class=\"elementor-spacer-inner\"><\/div>\n\t\t<\/div>\n\t\t\t\t\t\t<\/div>\n\t\t\t\t<\/div>\n\t\t\t\t<div class=\"elementor-element elementor-element-1c2fb9c elementor-widget elementor-widget-text-editor\" data-id=\"1c2fb9c\" data-element_type=\"widget\" data-widget_type=\"text-editor.default\">\n\t\t\t\t<div class=\"elementor-widget-container\">\n\t\t\t\t\t\t\t\t\t<p class=\"\"><b class=\"\">SEZIONE 01<\/b><\/p><p class=\"\"><span class=\"\">La informiamo,<\/span><\/p><p class=\"\"><span class=\"\">ai sensi dell\u2019art. 13 del GDPR n. 2016\/679 (in seguito, \u201c<\/span><b class=\"\">GDPR<\/b><span class=\"\">\u201d), \u00a0che in caso di raccolta dati personali che La riguardano, tale trattamento sar\u00e0 improntato ai principi di correttezza, liceit\u00e0, trasparenza e di tutela della Sua riservatezza e dei Suoi diritti;<\/span><\/p><ol class=\"\"><li class=\"\"><span class=\"\">la\u00a0<\/span><b class=\"\">nostra organizzazione<\/b><span class=\"\">,\u00a0Hotel Universo ( UNIVERSO SAS di Polesello Dolores Mara &amp; C, via Treviso 9\/11, 30016 Jesolo VE c.f.e p.i.VE 03332540271 CCIAA 299510),\u00a0 quale persona giuridica,<\/span><b class=\"\">\u00a0investe il duplice ruolo di titolare del trattamento e responsabile \u00a0del trattamento<\/b><span class=\"\">;<\/span><\/li><li class=\"\"><span class=\"\">il titolare del trattamento e il responsabile \u00a0del trattamento (vedasi dati di contatto ultima pagina); \u00a0compiute le valutazioni del caso al proprio interno, non hanno \u00a0designato il responsabile della protezione dei dati, in quanto, ai sensi dell\u2019art.37 comma 1 del GDPR n. 2016\/679 non rientra nell\u2019obbligo.<\/span><\/li><\/ol><div>\u00a0<\/div><div>\u00a0<\/div><p class=\"\"><b class=\"\">I Suoi dati saranno trattati<\/b><\/p><p class=\"\"><b class=\"\"><i class=\"\">c\/i)\u00a0<\/i><\/b><span class=\"\">ai sensi dell\u2019art. 6 lettera b) e \u00a0c) , per finalit\u00e0 relative all\u2019esecuzione di un contratto o all\u2019esecuzione di misure precontrattuale e per adempire agli obblighi di legge al quale \u00e8 soggetto il titolare del trattamento; \u00a0\u00a0\u00a0<\/span><i class=\"\">ad esempio, \u00a0trattamenti dati necessari \u00a0per la gestione di richieste, \u00a0\u00a0di preventivi e di prenotazione, espletamento di tutti gli obblighi contrattuali, \u00a0contabili e fiscali, gestione dei pagamenti anche con carte di credito , POS e servizi evoluti online gestiti dai rispettivi istituti di credito o agenzie e gestione del contenzioso;\u00a0<\/i><span class=\"\">inoltre, per tutti gli obblighi previsti dalla legge; \u00a0<\/span><i class=\"\">ad esempio, \u00a0regolamenti, normative comunitarie \u00a0e locali o da ordini delle autorit\u00e0, \u00a0registrazione e comunicazioni dati alle autorit\u00e0 e \u00a0gestione di eventuali contenziosi;\u00a0<\/i><span class=\"\">oltre a ci\u00f2, \u00a0per il perseguimento del legittimo interesse del titolare del trattamento o di terzi alle condizioni previste dal GDPR;<\/span><\/p><p class=\"\"><span class=\"\">\u00a0<\/span><\/p><p class=\"\"><b class=\"\"><i class=\"\">c\/ii)\u00a0<\/i><\/b><span class=\"\">ai sensi dell\u2019art. 7 , previo Suo consenso liberamente espresso, per altre finalit\u00e0 di servizio e marketing ;<\/span><i class=\"\">\u00a0ad esempio; trattamenti dati necessari per l\u2019invio \u00a0di offerte promozionali sui nostri servizi e altri eventi, \u00a0aggiornamento tariffe, altri preventivi praticati nonch\u00e9 comunicazioni auguri e festivit\u00e0 ; per dare esecuzione a servizi aggiuntivi quali comunicazione esterna di dati relativi al Suo soggiorno al fine esclusivo di consentire la funzione di ricevimento oggetti, messaggi e telefonate a lei indirizzate<\/i><span class=\"\">;<\/span><\/p><p class=\"\"><span class=\"\">\u00a0<\/span><\/p><p class=\"\"><span class=\"\">per il trattamento di categorie particolari di dati personali al fine di offrire \u00a0migliore livello di ospitalit\u00e0;\u00a0<\/span><i class=\"\">ad esempio, intolleranze alimentari, allergie o altre dati particolari<\/i><span class=\"\">;<\/span><\/p><p class=\"\"><span class=\"\">\u00a0<\/span><\/p><p class=\"\"><span class=\"\">per il trattamento di servizi online evoluti;\u00a0<\/span><i class=\"\">ad esempio, \u00a0iscrizione al nostro programma gestionale per utilizzare il suo indirizzo e-mail per inviare il conto, ricevuta o fattura, per gestire punteggi di fedelt\u00e0 e altri servizi similari;<\/i><\/p><p class=\"\"><b class=\"\"><i class=\"\">c\/iii)\u00a0<\/i><\/b><span class=\"\">ai sensi dell\u2019art. 7 , previo Suo consenso liberamente espresso, per ulteriori finalit\u00e0 ; a<\/span><i class=\"\">d esempio; \u00a0trattamenti dati necessari per effettuare il \u00a0LOGIN alla nostra rete WIFI\/LAN pubblica per navigare in internet\u00a0<\/i><span class=\"\">;<\/span><\/p><p class=\"\"><span class=\"\">\u00a0<\/span><\/p><p class=\"\"><span class=\"\">nonch\u00e9 trattamenti dati necessari durante l\u2019utilizzo del nostro sito internet istituzionale la cui trasmissione \u00e8 implicita nell\u2019uso dei protocolli di comunicazione di internet, tali dati non sono raccolti per essere associati a interessi identificati, ma per loro stessa natura potrebbero, attraverso elaborazioni ed associazioni con dati detenuti da terzi, permettere di identificare gli utenti;<\/span><i class=\"\">\u00a0ad esempio, \u00a0in questa categoria di dati rientrano gli indirizzi IP o i nomi dei dispositivi utilizzati dagli utenti che si connettono al sito, gli indirizzi di notazione URI delle risorse richieste, l\u2019orario di richiesta, il metodo utilizzato nel sottoporre la richiesta al server, la dimensione del file ottenuto in risposta, il codice numerico indicante lo stato della risposta del server e altri parametri relativi al sistema operativo e all\u2019ambiente informativo dell\u2019utente<\/i><span class=\"\">;<\/span><span class=\"\"><br class=\"\" \/><\/span><span class=\"\">i succitati dati, possono essere utilizzati, al solo fine di ricavare informazioni statistiche anonime sull\u2019uso della rete WIFI\/LAN pubblica e del sito istituzionale;\u00a0<\/span><i class=\"\">ad esempio, \u00a0per controllare il corretto funzionamento della nostra infrastruttura IT e migliorare il servizio<\/i><span class=\"\">;<\/span><\/p><p class=\"\"><span class=\"\"><br class=\"\" \/><\/span><span class=\"\">parimenti, i dati \u00a0potrebbero essere utilizzati dalle autorit\u00e0 competenti , ad esempio,\u00a0<\/span><i class=\"\">\u00a0per l\u2019accertamento di responsabilit\u00e0 in caso di ipotetici reati informatici o danni alla nostre rete WIFI, LAN, al nostro sistema IT \u00a0e al nostro sito istituzionale.<\/i><\/p><p class=\"\"><i class=\"\">\u00a0<\/i><\/p><p class=\"\"><i class=\"\">\u00a0<\/i><\/p><ol class=\"\"><li class=\"\"><b class=\"\"><i class=\"\">d)\u00a0<\/i><\/b><span class=\"\">ai sensi dell\u2019art. 6 comma 1 lettera f), tenuto conto delle ragionevoli aspettative delle parti, per finalit\u00e0 di legittimi interessi perseguiti dal titolare del trattamento o da terzi; a<\/span><i class=\"\">d esempio; dati ai fini di prevenzione delle frodi (monitoraggio presenze, registro ingressi, dati biometrici, immagini di video sorveglianza \u2026) e finalit\u00e0 di marketing diretto.<\/i><\/li><\/ol><p class=\"\"><b class=\"\"><br class=\"\" \/><\/b><b class=\"\">I destinatari e le categorie dei destinati dei Suoi dati sono<\/b><\/p><ol class=\"\"><li class=\"\"><b class=\"\"><i class=\"\">e)\u00a0<\/i><\/b><span class=\"\">persone fisiche o giuridiche, autorit\u00e0 pubbliche, collaboratori quali dipendenti, professionisti, fornitori di servizi enti e associazioni.<\/span><\/li><\/ol><p class=\"\"><span class=\"\"><br class=\"\" \/><\/span><b class=\"\">I Suoi dati personali possono essere trasferiti a un paese terzo o a un\u2019organizzazione internazionale<\/b><\/p><ol class=\"\"><li class=\"\"><b class=\"\"><i class=\"\">f)\u00a0<\/i><\/b><span class=\"\">in ragione di quanto precede, i suoi dati oltre ad essere trattati in formato cartaceo negli archivi interni della nostra organizzazione o presso terzi; sono maggiormente, trattati e conservati in formato elettronico sulle nostre memoria di massa interne alla nostra struttura o all\u2019interno dell\u2019Unione Europea attraverso servizi di hosting, server e cloud. \u00a0\u00a0Resta in ogni caso inteso che il titolare, ove si rendesse necessario, avr\u00e0 facolt\u00e0 di spostare i server hosting, server e cloud anche in aree extra-UE; parimenti, il titolare assicura sin d\u2019ora che il trasferimento dei dati in aree extra-UE avverr\u00e0 in conformit\u00e0 alle disposizioni di legge applicabili, previa stipula delle clausole contrattuali standard previste dalla Commissione Europea.<\/span><\/li><\/ol><div>\u00a0<\/div><div>\u00a0<\/div><p class=\"\"><b class=\"\">SEZIONE 02<\/b><\/p><p class=\"\"><b class=\"\">Il trattamento dei Suoi dati \u00e8 corretto e trasparente,\u00a0<\/b><span class=\"\">compiuto per mezzo delle operazioni di raccolta, registrazione, organizzazione, conservazione, consultazione, elaborazione, modificazione, selezione, estrazione, raffronto, utilizzo, interconnessione, blocco, comunicazione, cancellazione e distruzione dei dati. \u00a0\u00a0I Suoi dati personali sono sottoposti a trattamento sia cartaceo che elettronico e\/o automatizzato.<\/span><\/p><p class=\"\"><span class=\"\">Potranno essere \u00a0trattati , solo per le finalit\u00e0 di cui \u00a0precedenti c\/i , c\/ii , c\/iii e d , anche da \u00a0dipendenti e collaboratori del titolare o ad altri enti \u00a0con sede in Italia e in altri paesi Europei, da societ\u00e0 terze o altri soggetti;<\/span><i class=\"\">\u00a0ad esempio, a titolo indicativo, istituti di credito, studi professionali, societ\u00e0 di assicurazione per la prestazione di servizi assicurativi, gestori di servizi IT e telefonica \u00a0o altri enti che forniscono servizi\/prodotti per conto del Titolare<\/i><span class=\"\">, nella loro qualit\u00e0 di responsabili esterni del trattamento. \u00a0\u00a0\u00a0\u00a0Qualora dei dati personali non siano ottenuti presso l\u2019interessato, il titolale del trattamento, in applicazione dell\u2019art. 14 del GDPR, fornir\u00e0 entro un mese, ogni specifica circostanza; diversamente, per Lei vale questa informativa.<\/span><\/p><p class=\"\"><span class=\"\">\u00a0<\/span><\/p><p class=\"\"><b class=\"\">Il periodo di conservazione dei Suoi dati \u00e8 definito<\/b><\/p><ol class=\"\"><li class=\"\"><b class=\"\"><i class=\"\">a)\u00a0<\/i><\/b><span class=\"\">ad un tempo necessario per adempiere alle finalit\u00e0 di cui sopra e comunque\u00a0<\/span><b class=\"\">per non oltre 10 anni<\/b><span class=\"\">\u00a0dalla cessazione del rapporto per le finalit\u00e0 di cui punti precedenti c\/i e\u00a0<\/span><b class=\"\">per non oltre 2 anni<\/b><span class=\"\">\u00a0dalla raccolta dei dati per le finalit\u00e0 di cui punti precedenti c\/ii,\u00a0<\/span><i class=\"\">c\/iii e d.<\/i><\/li><\/ol><div><i>\u00a0<\/i><\/div><p class=\"\"><b class=\"\">In qualit\u00e0 di interessato, tramite l\u2019invio di una raccomandata o di una mail al titolare del trattamento, Lei pu\u00f2 far valere i seguenti diritti.<\/b><\/p><ol class=\"\"><li class=\"\"><b class=\"\"><i class=\"\">b) d<\/i><\/b><b class=\"\">iritto di accesso,<\/b><span class=\"\">\u00a0di cui art. 15 del GDPR, per ottenere la conferma che sia o meno in corso un trattamento di dati personali che la riguardano e in tal caso, di ottenere l\u2019accesso ai dati personali e alle informazioni; in caso di richiesta di ulteriori copie di dati, il titolare e il titolare del trattamento si riserva il diritto di addebitarvi un contributo spese ragionevole basato sui costi amministrativi;<\/span><\/li><\/ol><div>\u00a0<\/div><p class=\"\"><b class=\"\">diritto di rettifica\u00a0<\/b><span class=\"\">,<\/span>\u00a0<span class=\"\">di cui art. 16 del GDPR, per ottenere \u00a0la rettifica dei dati personali inesatti che la riguardano senza ingiustificato ritardo;<\/span><\/p><p class=\"\"><b class=\"\">diritto alla cancellazione<\/b><span class=\"\">,\u00a0<\/span><b class=\"\">\u00a0\u00a0<\/b><span class=\"\">di cui art. 17 del GDPR, per ottenere la cancellazione dei dati personali che la riguardano senza ingiustificato ritardo;<\/span><\/p><p class=\"\"><b class=\"\">diritto di limitazione del trattamento\u00a0<\/b><span class=\"\">, di cui art. 18 del GDPR, per ottenere la limitazione del trattamento;<\/span><\/p><p class=\"\"><b class=\"\">diritto alla portabilit\u00e0 dei dati ,\u00a0<\/b><span class=\"\">di cui art. 20 del GDPR, \u00a0per ricevere in formato strutturato i dati personali che la riguardano forniti a un titolare del trattamento e per trasmettere tali dati ad un altro titolare del trattamento senza impedimenti;<\/span><\/p><p class=\"\"><b class=\"\">diritto di opposizione\u00a0<\/b><span class=\"\">, di cui art. 21 del GDPR, \u00a0per opporsi in qualsiasi momento al trattamento dei dati personali che la riguardano ai sensi dell\u2019art. 6 , comma 1, lettere e) o f), compresa la profilazione sulla base di tali disposizioni.<\/span><\/p><p class=\"\"><span class=\"\">\u00a0<\/span><\/p><ol class=\"\"><li class=\"\"><b class=\"\"><i class=\"\">c)\u00a0<\/i><\/b><b class=\"\">diritto di revocare il consenso,<\/b><span class=\"\">\u00a0per i casi previsti dal GDPR, in qualsiasi momento senza pregiudicare la liceit\u00e0 del trattamento basata sul consenso prestato prima della revoca;<\/span><\/li><li class=\"\"><b class=\"\"><i class=\"\">d)\u00a0<\/i><\/b><b class=\"\">diritto di proporre reclamo a una autorit\u00e0 di controllo,<\/b><span class=\"\">\u00a0in ITALIA Garante della Privacy PIAZZA DI MONTE CITORIO n. 121 00186 ROMA mail\u00a0<\/span><a class=\"\" href=\"mailto:garante@gpdp.it\"><b class=\"\"><i class=\"\">garante@gpdp.it<\/i><\/b><\/a><\/li><li class=\"\"><b class=\"\"><i class=\"\">e)\u00a0<\/i><\/b><b class=\"\">Natura del conferimento dei dati e conseguenze del rifiuto di rispondere<\/b><\/li><\/ol><div><b><br \/><\/b><b><br \/><\/b><\/div><p class=\"\"><span class=\"\">Il conferimento dei dati per le finalit\u00e0 di cui punto precedente\u00a0<\/span><i class=\"\">c\/i<\/i><span class=\"\">\u00a0\u00e8<\/span><b class=\"\">\u00a0obbligatorio<\/b><span class=\"\">, parimenti, tenuto conto delle finalit\u00e0 di legittimi perseguiti di cui punto precedente\u00a0<\/span><i class=\"\">d<\/i><span class=\"\">\u00a0il conferimento deve essere acconsentito<\/span><i class=\"\">;\u00a0<\/i><span class=\"\">in loro assenza, la nostra organizzazione non pu\u00f2 garantire l\u2019erogazione dei servizi e il soddisfacimento delle Sue aspettative. \u00a0\u00a0\u00a0\u00a0\u00a0Senza la necessit\u00e0 di un espresso consenso il trattamento di tali dati pu\u00f2 essere espletato dalle Autorit\u00e0, dalla societ\u00e0 di assicurazione per la prestazione di servizi assicurativi, da studio di professionisti anche per la gestione di contenziosi, nonch\u00e9 a quei soggetti ai quali la comunicazione sia obbligatoria per legge per l\u2019espletamento delle finalit\u00e0 dette. Detti soggetti tratteranno i dati nella loro qualit\u00e0 di autonomi titolari del trattamento. \u00a0I Suoi dati non saranno diffusi. Il conferimento dei dati per le finalit\u00e0 di cui precedenti\u00a0<\/span><i class=\"\">c\/ii<\/i><span class=\"\">\u00a0e\u00a0<\/span><i class=\"\">c\/iii\u00a0<\/i><span class=\"\">\u00e8<\/span><b class=\"\">\u00a0invece facoltativo.\u00a0<\/b><span class=\"\">Tenuto conto delle ragionevoli aspettative delle parti per le finalit\u00e0. \u00a0\u00a0Pu\u00f2 quindi decidere di non conferire alcun dato o di negare successivamente la possibilit\u00e0 di trattare dati gi\u00e0 forniti: in tal caso, non potr\u00e0 ricevere newsletter, comunicazioni commerciali e materiale pubblicitario inerenti ai servizi offerti e usufruire dei collegamenti internet per il tramite della nostra rete WIFI\/LAN pubblica nonch\u00e9 di una serie di servizi evoluti e presenti nel nostro sito istituzionale. \u00a0\u00a0Continuer\u00e0 comunque ad avere diritto ai servizi di cui precedenti\u00a0<\/span><i class=\"\">c\/i<\/i><\/p><p class=\"\"><i class=\"\">\u00a0<\/i><\/p><p class=\"\"><i class=\"\">\u00a0<\/i><\/p><ol class=\"\"><li class=\"\"><b class=\"\"><i class=\"\">f)\u00a0<\/i><\/b><b class=\"\">E\u2019 Suo diritto di non essere sottoposto a una decisione basata unicamente sul trattamento automatizzato<\/b><\/li><\/ol><p class=\"\"><span class=\"\">di cui ai punti precedenti c\/ii e c\/iii , \u00a0compresa la profilazione che produca effetti giuridici che lo riguardano o che incida in modo analogo significativamente sulla Sua persona. Pertanto, l\u2019interessato pu\u00f2 decidere di ricevere solo comunicazioni mediante modalit\u00e0 tradizionali ovvero solo comunicazioni automatizzate oppure nessuna delle due tipologie di comunicazione.<\/span><\/p>\t\t\t\t\t\t\t\t<\/div>\n\t\t\t\t<\/div>\n\t\t\t\t\t<\/div>\n\t\t<\/div>\n\t\t\t\t\t<\/div>\n\t\t<\/section>\n\t\t\t\t<section class=\"elementor-section elementor-top-section elementor-element elementor-element-48205a5 elementor-section-boxed elementor-section-height-default elementor-section-height-default\" data-id=\"48205a5\" data-element_type=\"section\">\n\t\t\t\t\t\t<div class=\"elementor-container elementor-column-gap-default\">\n\t\t\t\t\t<div class=\"elementor-column elementor-col-100 elementor-top-column elementor-element elementor-element-c1dc734\" data-id=\"c1dc734\" data-element_type=\"column\">\n\t\t\t<div class=\"elementor-widget-wrap elementor-element-populated\">\n\t\t\t\t\t\t<div class=\"elementor-element elementor-element-9049fa1 elementor-widget elementor-widget-spacer\" data-id=\"9049fa1\" data-element_type=\"widget\" data-widget_type=\"spacer.default\">\n\t\t\t\t<div class=\"elementor-widget-container\">\n\t\t\t\t\t\t\t<div class=\"elementor-spacer\">\n\t\t\t<div class=\"elementor-spacer-inner\"><\/div>\n\t\t<\/div>\n\t\t\t\t\t\t<\/div>\n\t\t\t\t<\/div>\n\t\t\t\t\t<\/div>\n\t\t<\/div>\n\t\t\t\t\t<\/div>\n\t\t<\/section>\n\t\t\t\t<\/div>\n\t\t","protected":false},"excerpt":{"rendered":"<p>Privacy Policy SEZIONE 01 La informiamo, ai sensi dell\u2019art. 13 del GDPR n. 2016\/679 (in seguito, \u201cGDPR\u201d), \u00a0che in caso di raccolta dati personali che La riguardano, tale trattamento sar\u00e0 improntato ai principi di correttezza, liceit\u00e0, trasparenza e di tutela della Sua riservatezza e dei Suoi diritti; la\u00a0nostra organizzazione,\u00a0Hotel Universo ( UNIVERSO SAS di Polesello [&hellip;]<\/p>\n","protected":false},"author":1,"featured_media":0,"parent":0,"menu_order":0,"comment_status":"closed","ping_status":"closed","template":"","meta":{"footnotes":""},"class_list":["post-604","page","type-page","status-publish","hentry"],"_links":{"self":[{"href":"https:\/\/www.hotel-universo.com\/it\/wp-json\/wp\/v2\/pages\/604","targetHints":{"allow":["GET"]}}],"collection":[{"href":"https:\/\/www.hotel-universo.com\/it\/wp-json\/wp\/v2\/pages"}],"about":[{"href":"https:\/\/www.hotel-universo.com\/it\/wp-json\/wp\/v2\/types\/page"}],"author":[{"embeddable":true,"href":"https:\/\/www.hotel-universo.com\/it\/wp-json\/wp\/v2\/users\/1"}],"replies":[{"embeddable":true,"href":"https:\/\/www.hotel-universo.com\/it\/wp-json\/wp\/v2\/comments?post=604"}],"version-history":[{"count":14,"href":"https:\/\/www.hotel-universo.com\/it\/wp-json\/wp\/v2\/pages\/604\/revisions"}],"predecessor-version":[{"id":1273,"href":"https:\/\/www.hotel-universo.com\/it\/wp-json\/wp\/v2\/pages\/604\/revisions\/1273"}],"wp:attachment":[{"href":"https:\/\/www.hotel-universo.com\/it\/wp-json\/wp\/v2\/media?parent=604"}],"curies":[{"name":"wp","href":"https:\/\/api.w.org\/{rel}","templated":true}]}}